{"id":501,"date":"2022-08-24T19:12:15","date_gmt":"2022-08-24T17:12:15","guid":{"rendered":"https:\/\/consultix-psycholog.sk\/?page_id=501"},"modified":"2023-12-06T00:28:38","modified_gmt":"2023-12-05T23:28:38","slug":"cennik-dunajska-streda","status":"publish","type":"page","link":"https:\/\/consultix-psycholog.sk\/hu\/cennik-dunajska-streda\/","title":{"rendered":"Dunaszerdahely"},"content":{"rendered":"<div data-elementor-type=\"wp-page\" data-elementor-id=\"501\" class=\"elementor elementor-501\">\n\t\t\t\t\t\t\t\t\t<section class=\"elementor-section elementor-top-section elementor-element elementor-element-426d793 elementor-section-height-min-height elementor-section-content-middle elementor-section-boxed elementor-section-height-default elementor-section-items-middle\" data-id=\"426d793\" data-element_type=\"section\" data-settings=\"{&quot;background_background&quot;:&quot;gradient&quot;}\">\n\t\t\t\t\t\t\t<div class=\"elementor-background-overlay\"><\/div>\n\t\t\t\t\t\t\t<div class=\"elementor-container elementor-column-gap-no\">\n\t\t\t\t\t<div class=\"elementor-column elementor-col-100 elementor-top-column elementor-element elementor-element-73a2812\" data-id=\"73a2812\" data-element_type=\"column\">\n\t\t\t<div class=\"elementor-widget-wrap elementor-element-populated\">\n\t\t\t\t\t\t\t\t<div class=\"elementor-element elementor-element-114434f elementor-widget elementor-widget-heading\" data-id=\"114434f\" data-element_type=\"widget\" data-widget_type=\"heading.default\">\n\t\t\t\t<div class=\"elementor-widget-container\">\n\t\t\t<style>\/*! elementor - v3.6.8 - 27-07-2022 *\/\n.elementor-heading-title{padding:0;margin:0;line-height:1}.elementor-widget-heading .elementor-heading-title[class*=elementor-size-]>a{color:inherit;font-size:inherit;line-height:inherit}.elementor-widget-heading .elementor-heading-title.elementor-size-small{font-size:15px}.elementor-widget-heading .elementor-heading-title.elementor-size-medium{font-size:19px}.elementor-widget-heading .elementor-heading-title.elementor-size-large{font-size:29px}.elementor-widget-heading .elementor-heading-title.elementor-size-xl{font-size:39px}.elementor-widget-heading .elementor-heading-title.elementor-size-xxl{font-size:59px}<\/style><h2 class=\"elementor-heading-title elementor-size-default\">Cenn\u00edk Dunajsk\u00e1 Streda<\/h2>\t\t<\/div>\n\t\t\t\t<\/div>\n\t\t\t\t<div class=\"elementor-element elementor-element-acf0fd9 elementor-widget elementor-widget-price-list\" data-id=\"acf0fd9\" data-element_type=\"widget\" data-widget_type=\"price-list.default\">\n\t\t\t\t<div class=\"elementor-widget-container\">\n\t\t\t<style>\/*! elementor-pro - v3.7.3 - 31-07-2022 *\/\n.elementor-widget-price-list .elementor-price-list{list-style:none;padding:0;margin:0}.elementor-widget-price-list .elementor-price-list li{margin:0}.elementor-price-list li:not(:last-child){margin-bottom:20px}.elementor-price-list .elementor-price-list-image{max-width:50%;-ms-flex-negative:0;flex-shrink:0;padding-right:25px}.elementor-price-list .elementor-price-list-image img{width:100%}.elementor-price-list .elementor-price-list-header,.elementor-price-list .elementor-price-list-item,.elementor-price-list .elementor-price-list-text{display:-webkit-box;display:-ms-flexbox;display:flex}.elementor-price-list .elementor-price-list-item{-webkit-box-align:start;-ms-flex-align:start;align-items:flex-start}.elementor-price-list .elementor-price-list-item .elementor-price-list-text{-webkit-box-align:start;-ms-flex-align:start;align-items:flex-start;-ms-flex-wrap:wrap;flex-wrap:wrap;-webkit-box-flex:1;-ms-flex-positive:1;flex-grow:1}.elementor-price-list .elementor-price-list-item .elementor-price-list-header{-webkit-box-align:center;-ms-flex-align:center;align-items:center;-ms-flex-preferred-size:100%;flex-basis:100%;font-size:19px;font-weight:600;margin-bottom:10px;-webkit-box-pack:justify;-ms-flex-pack:justify;justify-content:space-between}.elementor-price-list .elementor-price-list-item .elementor-price-list-title{max-width:80%}.elementor-price-list .elementor-price-list-item .elementor-price-list-price{font-weight:600}.elementor-price-list .elementor-price-list-item p.elementor-price-list-description{-ms-flex-preferred-size:100%;flex-basis:100%;font-size:14px;margin:0}.elementor-price-list .elementor-price-list-item .elementor-price-list-separator{-webkit-box-flex:1;-ms-flex-positive:1;flex-grow:1;margin-left:10px;margin-right:10px;border-bottom-style:dotted;border-bottom-width:2px;height:0}.elementor-price-table{text-align:center}.elementor-price-table .elementor-price-table__header{background:var(--e-price-table-header-background-color,#555);padding:20px 0}.elementor-price-table .elementor-price-table__heading{margin:0;padding:0;line-height:1.2;font-size:24px;font-weight:600;color:#fff}.elementor-price-table .elementor-price-table__subheading{font-size:13px;font-weight:400;color:#fff}.elementor-price-table .elementor-price-table__original-price{margin-right:15px;text-decoration:line-through;font-size:.5em;line-height:1;font-weight:400;-ms-flex-item-align:center;align-self:center}.elementor-price-table .elementor-price-table__original-price .elementor-price-table__currency{font-size:1em;margin:0}.elementor-price-table .elementor-price-table__price{display:-webkit-box;display:-ms-flexbox;display:flex;-webkit-box-pack:center;-ms-flex-pack:center;justify-content:center;-webkit-box-align:center;-ms-flex-align:center;align-items:center;-ms-flex-wrap:wrap;flex-wrap:wrap;-webkit-box-orient:horizontal;-webkit-box-direction:normal;-ms-flex-direction:row;flex-direction:row;color:#555;font-weight:800;font-size:65px;padding:40px 0}.elementor-price-table .elementor-price-table__price .elementor-typo-excluded{line-height:normal;letter-spacing:normal;text-transform:none;font-weight:400;font-size:medium;font-style:normal}.elementor-price-table .elementor-price-table__after-price{display:-webkit-box;display:-ms-flexbox;display:flex;-ms-flex-wrap:wrap;flex-wrap:wrap;text-align:left;-ms-flex-item-align:stretch;align-self:stretch;-webkit-box-align:start;-ms-flex-align:start;align-items:flex-start;-webkit-box-orient:vertical;-webkit-box-direction:normal;-ms-flex-direction:column;flex-direction:column}.elementor-price-table .elementor-price-table__integer-part{line-height:.8}.elementor-price-table .elementor-price-table__currency,.elementor-price-table .elementor-price-table__fractional-part{line-height:1;font-size:.3em}.elementor-price-table .elementor-price-table__currency{margin-right:3px}.elementor-price-table .elementor-price-table__period{width:100%;font-size:13px;font-weight:400}.elementor-price-table .elementor-price-table__features-list{list-style-type:none;margin:0;padding:0;line-height:1;color:var(--e-price-table-features-list-color)}.elementor-price-table .elementor-price-table__features-list li{font-size:14px;line-height:1;margin:0;padding:0}.elementor-price-table .elementor-price-table__features-list li .elementor-price-table__feature-inner{margin-left:15px;margin-right:15px}.elementor-price-table .elementor-price-table__features-list li:not(:first-child):before{content:\"\";display:block;border:0 solid hsla(0,0%,47.8%,.3);margin:10px 12.5%}.elementor-price-table .elementor-price-table__features-list i{margin-right:10px;font-size:1.3em}.elementor-price-table .elementor-price-table__features-list svg{margin-right:10px;fill:var(--e-price-table-features-list-color);height:1.3em;width:1.3em}.elementor-price-table .elementor-price-table__features-list svg~*{vertical-align:text-top}.elementor-price-table .elementor-price-table__footer{padding:30px 0}.elementor-price-table .elementor-price-table__additional_info{margin:0;font-size:13px;line-height:1.4}.elementor-price-table__ribbon{position:absolute;top:0;left:auto;right:0;-webkit-transform:rotate(90deg);-ms-transform:rotate(90deg);transform:rotate(90deg);width:150px;overflow:hidden;height:150px}.elementor-price-table__ribbon-inner{text-align:center;left:0;width:200%;-webkit-transform:translateY(-50%) translateX(-50%) translateX(35px) rotate(-45deg);-ms-transform:translateY(-50%) translateX(-50%) translateX(35px) rotate(-45deg);transform:translateY(-50%) translateX(-50%) translateX(35px) rotate(-45deg);margin-top:35px;font-size:13px;line-height:2;font-weight:800;text-transform:uppercase;background:#000}.elementor-price-table__ribbon.elementor-ribbon-left{-webkit-transform:rotate(0);-ms-transform:rotate(0);transform:rotate(0);left:0;right:auto}.elementor-price-table__ribbon.elementor-ribbon-right{-webkit-transform:rotate(90deg);-ms-transform:rotate(90deg);transform:rotate(90deg);left:auto;right:0}.elementor-widget-price-table .elementor-widget-container{overflow:hidden;background-color:#f7f7f7}.e-container>.elementor-widget-price-list{width:var(--container-widget-width,100%)}<\/style>\n\t\t<ul class=\"elementor-price-list\">\n\n\t\t\t\t\t\t\t\t\t<li><a class=\"elementor-price-list-item\" href=\"#\">\t\t\t\t\t\t\t\t\t<div class=\"elementor-price-list-image\">\n\t\t\t\t\t<img decoding=\"async\" src=\"https:\/\/consultix-psycholog.sk\/wp-content\/uploads\/2022\/08\/pexels-cottonbro-4098368-150x150.jpg\" alt=\"Individu\u00e1lne poradenstvo (50 min)\" \/>\t\t\t\t<\/div>\n\t\t\t\t\n\t\t\t\t<div class=\"elementor-price-list-text\">\n\t\t\t\t\t\t\t\t\t<div class=\"elementor-price-list-header\">\n\t\t\t\t\t\t\t\t\t\t\t<span class=\"elementor-price-list-title\">\n\t\t\t\t\t\t\tEgy\u00e9ni tan\u00e1csad\u00e1s (50 perc)\t\t\t\t\t\t<\/span>\n\t\t\t\t\t\t\t\t\t\t\t\t\t\t\t\t\t\t<span class=\"elementor-price-list-separator\"><\/span>\n\t\t\t\t\t\t\t\t\t\t\t\t\t\t\t\t\t\t\t<span class=\"elementor-price-list-price\">40 \u20ac<\/span>\n\t\t\t\t\t\t\t\t\t\t<\/div>\n\t\t\t\t\t\t\t\t\t\t\t\t\t\t\t<p class=\"elementor-price-list-description\">\n\t\t\t\t\t\t\tFoglalkozom gyermekekkel, serd\u00fcl\u0151kkel \u00e9s feln\u0151tekkel egyar\u00e1nt. M\u00f3dszereim k\u00f6z\u00e9 tartoznak: kognit\u00edv viselked\u00e9ster\u00e9pia, EMDR ter\u00e1pia valamit a j\u00e1t\u00e9kter\u00e1pia.\t\t\t\t\t\t<\/p>\n\t\t\t\t\t\t\t\t<\/div>\n\t\t\t\t<\/a><\/li>\t\t\t\t\t\t\t\t\t\t\t\t<li><a class=\"elementor-price-list-item\" href=\"#\">\t\t\t\t\t\t\t\t\t<div class=\"elementor-price-list-image\">\n\t\t\t\t\t<img decoding=\"async\" src=\"https:\/\/consultix-psycholog.sk\/wp-content\/uploads\/2022\/08\/pexels-cottonbro-4098221-150x150.jpg\" alt=\"Individu\u00e1lne poradenstvo (90 min)\" \/>\t\t\t\t<\/div>\n\t\t\t\t\n\t\t\t\t<div class=\"elementor-price-list-text\">\n\t\t\t\t\t\t\t\t\t<div class=\"elementor-price-list-header\">\n\t\t\t\t\t\t\t\t\t\t\t<span class=\"elementor-price-list-title\">\n\t\t\t\t\t\t\tEgy\u00e9ni tan\u00e1csad\u00e1s (90 perc)\t\t\t\t\t\t<\/span>\n\t\t\t\t\t\t\t\t\t\t\t\t\t\t\t\t\t\t<span class=\"elementor-price-list-separator\"><\/span>\n\t\t\t\t\t\t\t\t\t\t\t\t\t\t\t\t\t\t\t<span class=\"elementor-price-list-price\">60 \u20ac<\/span>\n\t\t\t\t\t\t\t\t\t\t<\/div>\n\t\t\t\t\t\t\t\t\t\t\t\t\t\t\t<p class=\"elementor-price-list-description\">\n\t\t\t\t\t\t\tFoglalkozom gyermekekkel, serd\u00fcl\u0151kkel \u00e9s feln\u0151tekkel egyar\u00e1nt. M\u00f3dszereim k\u00f6z\u00e9 tartoznak: kognit\u00edv viselked\u00e9ster\u00e9pia, EMDR ter\u00e1pia valamit a j\u00e1t\u00e9kter\u00e1pia.\t\t\t\t\t\t<\/p>\n\t\t\t\t\t\t\t\t<\/div>\n\t\t\t\t<\/a><\/li>\t\t\t\t\t\t\t\t\t\t\t\t<li><a class=\"elementor-price-list-item\" href=\"#\">\t\t\t\t\t\t\t\t\t<div class=\"elementor-price-list-image\">\n\t\t\t\t\t<img decoding=\"async\" src=\"https:\/\/consultix-psycholog.sk\/wp-content\/uploads\/2022\/08\/Rodinne-poradenstvo-150x150.jpg\" alt=\"Rodinn\u00e9 poradenstvo (50 min)\" \/>\t\t\t\t<\/div>\n\t\t\t\t\n\t\t\t\t<div class=\"elementor-price-list-text\">\n\t\t\t\t\t\t\t\t\t<div class=\"elementor-price-list-header\">\n\t\t\t\t\t\t\t\t\t\t\t<span class=\"elementor-price-list-title\">\n\t\t\t\t\t\t\tCsal\u00e1dter\u00e1pia (50 perc)\t\t\t\t\t\t<\/span>\n\t\t\t\t\t\t\t\t\t\t\t\t\t\t\t\t\t\t<span class=\"elementor-price-list-separator\"><\/span>\n\t\t\t\t\t\t\t\t\t\t\t\t\t\t\t\t\t\t\t<span class=\"elementor-price-list-price\">40 \u20ac<\/span>\n\t\t\t\t\t\t\t\t\t\t<\/div>\n\t\t\t\t\t\t\t\t\t\t\t\t\t\t\t<p class=\"elementor-price-list-description\">\n\t\t\t\t\t\t\tA csal\u00e1d rendszer\u00e9nek meg\u00fajjul\u00e1s\u00e1t seg\u00edtem. M\u00f3dszereim k\u00f6z\u00e9 tartoznak: kognit\u00edv viselked\u00e9ster\u00e9pia, EMDR ter\u00e1pia valamit a j\u00e1t\u00e9kter\u00e1pia.\t\t\t\t\t\t<\/p>\n\t\t\t\t\t\t\t\t<\/div>\n\t\t\t\t<\/a><\/li>\t\t\t\t\t\t\t\t\t\t\t\t<li><a class=\"elementor-price-list-item\" href=\"#\">\t\t\t\t\t\t\t\t\t<div class=\"elementor-price-list-image\">\n\t\t\t\t\t<img decoding=\"async\" src=\"https:\/\/consultix-psycholog.sk\/wp-content\/uploads\/2022\/08\/pexels-cottonbro-4098263-150x150.jpg\" alt=\"Rodinn\u00e9 poradenstvo (90 min)\" \/>\t\t\t\t<\/div>\n\t\t\t\t\n\t\t\t\t<div class=\"elementor-price-list-text\">\n\t\t\t\t\t\t\t\t\t<div class=\"elementor-price-list-header\">\n\t\t\t\t\t\t\t\t\t\t\t<span class=\"elementor-price-list-title\">\n\t\t\t\t\t\t\tCsal\u00e1dter\u00e1pia (90 perc)\t\t\t\t\t\t<\/span>\n\t\t\t\t\t\t\t\t\t\t\t\t\t\t\t\t\t\t<span class=\"elementor-price-list-separator\"><\/span>\n\t\t\t\t\t\t\t\t\t\t\t\t\t\t\t\t\t\t\t<span class=\"elementor-price-list-price\">60 \u20ac<\/span>\n\t\t\t\t\t\t\t\t\t\t<\/div>\n\t\t\t\t\t\t\t\t\t\t\t\t\t\t\t<p class=\"elementor-price-list-description\">\n\t\t\t\t\t\t\tA csal\u00e1d rendszer\u00e9nek meg\u00fajjul\u00e1s\u00e1t seg\u00edtem. M\u00f3dszereim k\u00f6z\u00e9 tartoznak: kognit\u00edv viselked\u00e9ster\u00e9pia, EMDR ter\u00e1pia valamit a j\u00e1t\u00e9kter\u00e1pia.\t\t\t\t\t\t<\/p>\n\t\t\t\t\t\t\t\t<\/div>\n\t\t\t\t<\/a><\/li>\t\t\t\t\t\t\t\t\t\t\t\t<li><a class=\"elementor-price-list-item\" href=\"#\">\t\t\t\t\t\t\t\t\t<div class=\"elementor-price-list-image\">\n\t\t\t\t\t<img decoding=\"async\" src=\"https:\/\/consultix-psycholog.sk\/wp-content\/uploads\/2022\/08\/Online-konzultacie-150x150.jpg\" alt=\"Online poradenstvo (50 min)\" \/>\t\t\t\t<\/div>\n\t\t\t\t\n\t\t\t\t<div class=\"elementor-price-list-text\">\n\t\t\t\t\t\t\t\t\t<div class=\"elementor-price-list-header\">\n\t\t\t\t\t\t\t\t\t\t\t<span class=\"elementor-price-list-title\">\n\t\t\t\t\t\t\tOnline tan\u00e1csad\u00e1s (50 perc)\t\t\t\t\t\t<\/span>\n\t\t\t\t\t\t\t\t\t\t\t\t\t\t\t\t\t\t<span class=\"elementor-price-list-separator\"><\/span>\n\t\t\t\t\t\t\t\t\t\t\t\t\t\t\t\t\t\t\t<span class=\"elementor-price-list-price\">50 \u20ac<\/span>\n\t\t\t\t\t\t\t\t\t\t<\/div>\n\t\t\t\t\t\t\t\t\t\t\t\t\t\t\t<p class=\"elementor-price-list-description\">\n\t\t\t\t\t\t\tTan\u00e1csad\u00e1s vide\u00f3aplik\u00e1ci\u00f3 seg\u00edts\u00e9g\u00e9vel (Zoom, Skype). M\u00f3dszereim k\u00f6z\u00e9 tartoznak: kognit\u00edv viselked\u00e9ster\u00e9pia, EMDR ter\u00e1pia valamit a j\u00e1t\u00e9kter\u00e1pia.\t\t\t\t\t\t<\/p>\n\t\t\t\t\t\t\t\t<\/div>\n\t\t\t\t<\/a><\/li>\t\t\t\t\t\n\t\t<\/ul>\n\n\t\t\t\t<\/div>\n\t\t\t\t<\/div>\n\t\t\t\t\t<\/div>\n\t\t<\/div>\n\t\t\t\t\t\t\t<\/div>\n\t\t<\/section>\n\t\t\t\t<section class=\"elementor-section elementor-top-section elementor-element elementor-element-7999c32 elementor-section-boxed elementor-section-height-default elementor-section-height-default\" data-id=\"7999c32\" data-element_type=\"section\" data-settings=\"{&quot;shape_divider_bottom&quot;:&quot;tilt&quot;}\">\n\t\t\t\t\t<div class=\"elementor-shape elementor-shape-bottom\" data-negative=\"false\">\n\t\t\t<svg xmlns=\"http:\/\/www.w3.org\/2000\/svg\" viewbox=\"0 0 1000 100\" preserveaspectratio=\"none\">\n\t<path class=\"elementor-shape-fill\" d=\"M0,6V0h1000v100L0,6z\"\/>\n<\/svg>\t\t<\/div>\n\t\t\t\t\t<div class=\"elementor-container elementor-column-gap-default\">\n\t\t\t\t\t<div class=\"elementor-column elementor-col-100 elementor-top-column elementor-element elementor-element-6fde566\" data-id=\"6fde566\" data-element_type=\"column\">\n\t\t\t<div class=\"elementor-widget-wrap elementor-element-populated\">\n\t\t\t\t\t\t\t\t<div class=\"elementor-element elementor-element-5f2a709 elementor-widget elementor-widget-text-editor\" data-id=\"5f2a709\" data-element_type=\"widget\" data-widget_type=\"text-editor.default\">\n\t\t\t\t<div class=\"elementor-widget-container\">\n\t\t\t<style>\/*! elementor - v3.6.8 - 27-07-2022 *\/\n.elementor-widget-text-editor.elementor-drop-cap-view-stacked .elementor-drop-cap{background-color:#818a91;color:#fff}.elementor-widget-text-editor.elementor-drop-cap-view-framed .elementor-drop-cap{color:#818a91;border:3px solid;background-color:transparent}.elementor-widget-text-editor:not(.elementor-drop-cap-view-default) .elementor-drop-cap{margin-top:8px}.elementor-widget-text-editor:not(.elementor-drop-cap-view-default) .elementor-drop-cap-letter{width:1em;height:1em}.elementor-widget-text-editor .elementor-drop-cap{float:left;text-align:center;line-height:1;font-size:50px}.elementor-widget-text-editor .elementor-drop-cap-letter{display:inline-block}<\/style>\t\t\t\t<p><em>*Cenn\u00edk platn\u00fd od 1.1.2024<\/em><\/p><p><em>**Zru\u0161i\u0165 alebo prelo\u017ei\u0165 term\u00edn sedenia je potrebn\u00e9 minim\u00e1lne 24 hod\u00edn vopred telefonicky, emailom alebo textovou spr\u00e1vou. Neodhl\u00e1sen\u00e9 a neskoro odhl\u00e1sen\u00e9 term\u00edny menej ako 24 hod. vopred sa po\u010d\u00edtaj\u00fa ako uskuto\u010dnen\u00e9 a je potrebn\u00e9 ich uhradi\u0165 v plnej v\u00fd\u0161ke.<\/em><\/p>\t\t\t\t\t\t<\/div>\n\t\t\t\t<\/div>\n\t\t\t\t\t<\/div>\n\t\t<\/div>\n\t\t\t\t\t\t\t<\/div>\n\t\t<\/section>\n\t\t\t\t\t\t\t<\/div>","protected":false},"excerpt":{"rendered":"<p>Cenn\u00edk Dunajsk\u00e1 Streda Individu\u00e1lne poradenstvo (50 min) 40 \u20ac Venujem sa individu\u00e1lne de\u0165om, adolescentom a\u00a0dospel\u00fdm. Vyu\u017e\u00edvam poznatky z\u00a0KBT terapie, z\u00a0EMDR terapie a\u00a0z\u00a0terapie hrou. Individu\u00e1lne poradenstvo (90 min) 60 \u20ac Venujem sa individu\u00e1lne de\u0165om, adolescentom a\u00a0dospel\u00fdm. Vyu\u017e\u00edvam poznatky z\u00a0KBT terapie, z\u00a0EMDR terapie a\u00a0z\u00a0terapie hrou. Rodinn\u00e9 poradenstvo (50 min) 40 \u20ac Ak \u0161trukt\u00fara, v\u00a0ktorom rodina funguje potrebuje [&hellip;]<\/p>","protected":false},"author":1,"featured_media":0,"parent":0,"menu_order":0,"comment_status":"closed","ping_status":"closed","template":"","meta":[],"yoast_head":"<!-- This site is optimized with the Yoast SEO plugin v19.4 - https:\/\/yoast.com\/wordpress\/plugins\/seo\/ -->\n<title>Dunajsk\u00e1 Streda - consultix-psycholog.sk<\/title>\n<meta name=\"robots\" content=\"index, follow, max-snippet:-1, max-image-preview:large, max-video-preview:-1\" \/>\n<link rel=\"canonical\" href=\"https:\/\/consultix-psycholog.sk\/hu\/cennik-dunajska-streda\/\" \/>\n<meta property=\"og:locale\" content=\"hu_HU\" \/>\n<meta property=\"og:type\" content=\"article\" \/>\n<meta property=\"og:title\" content=\"Dunajsk\u00e1 Streda - consultix-psycholog.sk\" \/>\n<meta property=\"og:description\" content=\"Cenn\u00edk Dunajsk\u00e1 Streda Individu\u00e1lne poradenstvo (50 min) 40 \u20ac Venujem sa individu\u00e1lne de\u0165om, adolescentom a\u00a0dospel\u00fdm. Vyu\u017e\u00edvam poznatky z\u00a0KBT terapie, z\u00a0EMDR terapie a\u00a0z\u00a0terapie hrou. Individu\u00e1lne poradenstvo (90 min) 60 \u20ac Venujem sa individu\u00e1lne de\u0165om, adolescentom a\u00a0dospel\u00fdm. Vyu\u017e\u00edvam poznatky z\u00a0KBT terapie, z\u00a0EMDR terapie a\u00a0z\u00a0terapie hrou. Rodinn\u00e9 poradenstvo (50 min) 40 \u20ac Ak \u0161trukt\u00fara, v\u00a0ktorom rodina funguje potrebuje [&hellip;]\" \/>\n<meta property=\"og:url\" content=\"https:\/\/consultix-psycholog.sk\/hu\/cennik-dunajska-streda\/\" \/>\n<meta property=\"og:site_name\" content=\"consultix-psycholog.sk\" \/>\n<meta property=\"article:modified_time\" content=\"2023-12-05T23:28:38+00:00\" \/>\n<meta property=\"og:image\" content=\"https:\/\/consultix-psycholog.sk\/wp-content\/uploads\/2022\/08\/pexels-cottonbro-4098368-150x150.jpg\" \/>\n<meta name=\"twitter:card\" content=\"summary_large_image\" \/>\n<meta name=\"twitter:label1\" content=\"Becs\u00fclt olvas\u00e1si id\u0151\" \/>\n\t<meta name=\"twitter:data1\" content=\"2 perc\" \/>\n<script type=\"application\/ld+json\" class=\"yoast-schema-graph\">{\"@context\":\"https:\/\/schema.org\",\"@graph\":[{\"@type\":\"Organization\",\"@id\":\"https:\/\/consultix-psycholog.sk\/#organization\",\"name\":\"consultix-psycholog.sk\",\"url\":\"https:\/\/consultix-psycholog.sk\/\",\"sameAs\":[],\"logo\":{\"@type\":\"ImageObject\",\"inLanguage\":\"hu\",\"@id\":\"https:\/\/consultix-psycholog.sk\/#\/schema\/logo\/image\/\",\"url\":\"https:\/\/consultix-psycholog.sk\/wp-content\/uploads\/2022\/08\/Prehladne\u0301-logo.png\",\"contentUrl\":\"https:\/\/consultix-psycholog.sk\/wp-content\/uploads\/2022\/08\/Prehladne\u0301-logo.png\",\"width\":1500,\"height\":1500,\"caption\":\"consultix-psycholog.sk\"},\"image\":{\"@id\":\"https:\/\/consultix-psycholog.sk\/#\/schema\/logo\/image\/\"}},{\"@type\":\"WebSite\",\"@id\":\"https:\/\/consultix-psycholog.sk\/#website\",\"url\":\"https:\/\/consultix-psycholog.sk\/\",\"name\":\"consultix-psycholog.sk\",\"description\":\"Va\u0161e poradenstvo\",\"publisher\":{\"@id\":\"https:\/\/consultix-psycholog.sk\/#organization\"},\"potentialAction\":[{\"@type\":\"SearchAction\",\"target\":{\"@type\":\"EntryPoint\",\"urlTemplate\":\"https:\/\/consultix-psycholog.sk\/?s={search_term_string}\"},\"query-input\":\"required name=search_term_string\"}],\"inLanguage\":\"hu\"},{\"@type\":\"WebPage\",\"@id\":\"https:\/\/consultix-psycholog.sk\/cennik-dunajska-streda\/\",\"url\":\"https:\/\/consultix-psycholog.sk\/cennik-dunajska-streda\/\",\"name\":\"Dunajsk\u00e1 Streda - consultix-psycholog.sk\",\"isPartOf\":{\"@id\":\"https:\/\/consultix-psycholog.sk\/#website\"},\"datePublished\":\"2022-08-24T17:12:15+00:00\",\"dateModified\":\"2023-12-05T23:28:38+00:00\",\"breadcrumb\":{\"@id\":\"https:\/\/consultix-psycholog.sk\/cennik-dunajska-streda\/#breadcrumb\"},\"inLanguage\":\"hu\",\"potentialAction\":[{\"@type\":\"ReadAction\",\"target\":[\"https:\/\/consultix-psycholog.sk\/cennik-dunajska-streda\/\"]}]},{\"@type\":\"BreadcrumbList\",\"@id\":\"https:\/\/consultix-psycholog.sk\/cennik-dunajska-streda\/#breadcrumb\",\"itemListElement\":[{\"@type\":\"ListItem\",\"position\":1,\"name\":\"Home\",\"item\":\"https:\/\/consultix-psycholog.sk\/\"},{\"@type\":\"ListItem\",\"position\":2,\"name\":\"Dunajsk\u00e1 Streda\"}]}]}<\/script>\n<!-- \/ Yoast SEO plugin. -->","yoast_head_json":{"title":"Dunajsk\u00e1 Streda - consultix-psycholog.sk","robots":{"index":"index","follow":"follow","max-snippet":"max-snippet:-1","max-image-preview":"max-image-preview:large","max-video-preview":"max-video-preview:-1"},"canonical":"https:\/\/consultix-psycholog.sk\/hu\/cennik-dunajska-streda\/","og_locale":"hu_HU","og_type":"article","og_title":"Dunajsk\u00e1 Streda - consultix-psycholog.sk","og_description":"Cenn\u00edk Dunajsk\u00e1 Streda Individu\u00e1lne poradenstvo (50 min) 40 \u20ac Venujem sa individu\u00e1lne de\u0165om, adolescentom a\u00a0dospel\u00fdm. Vyu\u017e\u00edvam poznatky z\u00a0KBT terapie, z\u00a0EMDR terapie a\u00a0z\u00a0terapie hrou. Individu\u00e1lne poradenstvo (90 min) 60 \u20ac Venujem sa individu\u00e1lne de\u0165om, adolescentom a\u00a0dospel\u00fdm. Vyu\u017e\u00edvam poznatky z\u00a0KBT terapie, z\u00a0EMDR terapie a\u00a0z\u00a0terapie hrou. Rodinn\u00e9 poradenstvo (50 min) 40 \u20ac Ak \u0161trukt\u00fara, v\u00a0ktorom rodina funguje potrebuje [&hellip;]","og_url":"https:\/\/consultix-psycholog.sk\/hu\/cennik-dunajska-streda\/","og_site_name":"consultix-psycholog.sk","article_modified_time":"2023-12-05T23:28:38+00:00","og_image":[{"url":"https:\/\/consultix-psycholog.sk\/wp-content\/uploads\/2022\/08\/pexels-cottonbro-4098368-150x150.jpg"}],"twitter_card":"summary_large_image","twitter_misc":{"Becs\u00fclt olvas\u00e1si id\u0151":"2 perc"},"schema":{"@context":"https:\/\/schema.org","@graph":[{"@type":"Organization","@id":"https:\/\/consultix-psycholog.sk\/#organization","name":"consultix-psycholog.sk","url":"https:\/\/consultix-psycholog.sk\/","sameAs":[],"logo":{"@type":"ImageObject","inLanguage":"hu","@id":"https:\/\/consultix-psycholog.sk\/#\/schema\/logo\/image\/","url":"https:\/\/consultix-psycholog.sk\/wp-content\/uploads\/2022\/08\/Prehladne\u0301-logo.png","contentUrl":"https:\/\/consultix-psycholog.sk\/wp-content\/uploads\/2022\/08\/Prehladne\u0301-logo.png","width":1500,"height":1500,"caption":"consultix-psycholog.sk"},"image":{"@id":"https:\/\/consultix-psycholog.sk\/#\/schema\/logo\/image\/"}},{"@type":"WebSite","@id":"https:\/\/consultix-psycholog.sk\/#website","url":"https:\/\/consultix-psycholog.sk\/","name":"consultix-psycholog.sk","description":"Va\u0161e poradenstvo","publisher":{"@id":"https:\/\/consultix-psycholog.sk\/#organization"},"potentialAction":[{"@type":"SearchAction","target":{"@type":"EntryPoint","urlTemplate":"https:\/\/consultix-psycholog.sk\/?s={search_term_string}"},"query-input":"required name=search_term_string"}],"inLanguage":"hu"},{"@type":"WebPage","@id":"https:\/\/consultix-psycholog.sk\/cennik-dunajska-streda\/","url":"https:\/\/consultix-psycholog.sk\/cennik-dunajska-streda\/","name":"Dunajsk\u00e1 Streda - consultix-psycholog.sk","isPartOf":{"@id":"https:\/\/consultix-psycholog.sk\/#website"},"datePublished":"2022-08-24T17:12:15+00:00","dateModified":"2023-12-05T23:28:38+00:00","breadcrumb":{"@id":"https:\/\/consultix-psycholog.sk\/cennik-dunajska-streda\/#breadcrumb"},"inLanguage":"hu","potentialAction":[{"@type":"ReadAction","target":["https:\/\/consultix-psycholog.sk\/cennik-dunajska-streda\/"]}]},{"@type":"BreadcrumbList","@id":"https:\/\/consultix-psycholog.sk\/cennik-dunajska-streda\/#breadcrumb","itemListElement":[{"@type":"ListItem","position":1,"name":"Home","item":"https:\/\/consultix-psycholog.sk\/"},{"@type":"ListItem","position":2,"name":"Dunajsk\u00e1 Streda"}]}]}},"_links":{"self":[{"href":"https:\/\/consultix-psycholog.sk\/hu\/wp-json\/wp\/v2\/pages\/501"}],"collection":[{"href":"https:\/\/consultix-psycholog.sk\/hu\/wp-json\/wp\/v2\/pages"}],"about":[{"href":"https:\/\/consultix-psycholog.sk\/hu\/wp-json\/wp\/v2\/types\/page"}],"author":[{"embeddable":true,"href":"https:\/\/consultix-psycholog.sk\/hu\/wp-json\/wp\/v2\/users\/1"}],"replies":[{"embeddable":true,"href":"https:\/\/consultix-psycholog.sk\/hu\/wp-json\/wp\/v2\/comments?post=501"}],"version-history":[{"count":6,"href":"https:\/\/consultix-psycholog.sk\/hu\/wp-json\/wp\/v2\/pages\/501\/revisions"}],"predecessor-version":[{"id":1023,"href":"https:\/\/consultix-psycholog.sk\/hu\/wp-json\/wp\/v2\/pages\/501\/revisions\/1023"}],"wp:attachment":[{"href":"https:\/\/consultix-psycholog.sk\/hu\/wp-json\/wp\/v2\/media?parent=501"}],"curies":[{"name":"wp","href":"https:\/\/api.w.org\/{rel}","templated":true}]}}